{"id":78,"date":"2015-03-26T10:54:38","date_gmt":"2015-03-26T10:54:38","guid":{"rendered":"http:\/\/www.stoppt-ttip-berlin.de\/?page_id=78"},"modified":"2018-10-28T20:02:12","modified_gmt":"2018-10-28T20:02:12","slug":"aufruf-18-april","status":"publish","type":"page","link":"https:\/\/www.stoppt-ttip-berlin.de\/?page_id=78","title":{"rendered":"Berlin-Demo 17.Sept."},"content":{"rendered":"<h3 class=\"entry-title\">Gro\u00dfdemos ind sieben St\u00e4dten &#8211; nat\u00fcrlich auch Berlin<\/h3>\n<h3><strong>Die Freihandelsabkommen TTIP, CETA, TISA stoppen!<\/strong><\/h3>\n<p><strong>Wir sagen NEIN<\/strong><\/p>\n<p>zu Freihandelsabkommen,<\/p>\n<ul>\n<li>die nur die Interessen internationaler Konzerne und Lobbyisten vertreten<\/li>\n<li>die unter Ausschluss der \u00d6ffentlichkeit verhandelt werden<\/li>\n<li>die Umweltschutz, Ern\u00e4hrung und die Rechte der Arbeitnehmer_innen gef\u00e4hrden<\/li>\n<li>die Kultur und Bildung zu Spekulationsobjekten machen<\/li>\n<li>die Demokratie und Rechtsstaatlichkeit aush\u00f6hlen<\/li>\n<\/ul>\n<p><strong>Aktuell: Im September will die EU CETA unterzeichnen. Vorab will die SPD bei einem Sonderparteitag \u00fcber CETA abstimmen.<\/strong><\/p>\n<p>Daher rufen wir in einem breiten zivilgesellschaftlichen B\u00fcndnis zu Gro\u00dfdemonstrationen in sieben Gro\u00dfst\u00e4dten auf. Wir wollen noch mehr Leute als im letzten Jahr auf die Stra\u00dfe bringen.<\/p>\n<p><strong>Demonstration\u00a0 \u2013 Samstag 17. Sept. 2016 \u2013 12 Uhr Alexanderplatz<\/strong><\/p>\n<p><iframe loading=\"lazy\" src=\"https:\/\/www.google.com\/maps\/d\/embed?mid=1veqJfujUat0JekT67F3zP9jKYLk\" width=\"640\" height=\"480\"><\/iframe><\/p>\n<p><strong>Diesen Aufruf unterst\u00fctzen:<\/strong><\/p>\n<p><a href=\"https:\/\/www.stoppt-ttip-berlin.de\/wp-content\/uploads\/2015\/04\/Logos21.jpg\"><img loading=\"lazy\" decoding=\"async\" class=\"alignnone size-full wp-image-159\" src=\"https:\/\/www.stoppt-ttip-berlin.de\/wp-content\/uploads\/2015\/04\/Logos21.jpg\" alt=\"Aktionstag, 18 April, Berlin, TTIP, Stoppen, CETA, TISA,\" width=\"1000\" height=\"169\" srcset=\"https:\/\/www.stoppt-ttip-berlin.de\/wp-content\/uploads\/2015\/04\/Logos21.jpg 1000w, https:\/\/www.stoppt-ttip-berlin.de\/wp-content\/uploads\/2015\/04\/Logos21-300x51.jpg 300w\" sizes=\"auto, (max-width: 1000px) 100vw, 1000px\" \/><\/a><\/p>\n<ul>\n<li><a href=\"http:\/\/www.ttip-unfairhandelbar.de\">B\u00fcndnis TTIP unfairhandelbar<\/a><\/li>\n<li><a href=\"https:\/\/greenpeace-berlin.de\">Greenpeace Berlin <\/a><\/li>\n<li><a href=\"http:\/\/berliner-wassertisch.info\">Berliner Wassertisch<\/a><\/li>\n<li><a href=\"https:\/\/www.grueneliga-berlin.de\/\">GR\u00dcNE LIGA Berlin<\/a><\/li>\n<li><a href=\"http:\/\/attacberlin.de\">Attac Berlin<\/a><\/li>\n<li><a href=\"http:\/\/berlin.bundjugend.de\">BUNDjugend Berlin<\/a><\/li>\n<li><a href=\"http:\/\/www.naturfreunde-berlin.de\/\">Naturfreunde Berlin<\/a><\/li>\n<li><a href=\"http:\/\/www.mehr-demokratie.de\">Mehr Demokratie<\/a><\/li>\n<li><a href=\"http:\/\/www.igmetall-berlin.de\/gruppen\/arbeitskreise\/ak-internationalismus\">Arbeitskreis Internationalismus (IG Metall Berlin)<\/a><\/li>\n<li><a href=\"http:\/\/www.gen-ethisches-netzwerk.de\">Gen-ethisches Netzwerk<\/a><\/li>\n<li><a href=\"http:\/\/www.antiatomberlin.de\">Anti-Atom-Berlin<\/a><\/li>\n<li><a href=\"http:\/\/power-shift.de\/?lang=de\">Powershift<\/a><\/li>\n<li><a href=\"http:\/\/www.nabu-berlin.de\">NABU Berlin<\/a><\/li>\n<li><a href=\"http:\/\/www.bund-berlin.de\/\">BUND Berlin<\/a><\/li>\n<\/ul>\n","protected":false},"excerpt":{"rendered":"<p>Gro\u00dfdemos ind sieben St\u00e4dten &#8211; nat\u00fcrlich auch Berlin Die Freihandelsabkommen TTIP, CETA, TISA stoppen! Wir sagen NEIN zu Freihandelsabkommen, die nur die Interessen internationaler Konzerne und Lobbyisten vertreten die unter Ausschluss der \u00d6ffentlichkeit verhandelt werden die Umweltschutz, Ern\u00e4hrung und die &hellip; <a href=\"https:\/\/www.stoppt-ttip-berlin.de\/?page_id=78\">Weiterlesen <span class=\"meta-nav\">&rarr;<\/span><\/a><\/p>\n","protected":false},"author":1,"featured_media":0,"parent":0,"menu_order":0,"comment_status":"closed","ping_status":"closed","template":"","meta":{"footnotes":""},"class_list":["post-78","page","type-page","status-publish","hentry"],"_links":{"self":[{"href":"https:\/\/www.stoppt-ttip-berlin.de\/index.php?rest_route=\/wp\/v2\/pages\/78","targetHints":{"allow":["GET"]}}],"collection":[{"href":"https:\/\/www.stoppt-ttip-berlin.de\/index.php?rest_route=\/wp\/v2\/pages"}],"about":[{"href":"https:\/\/www.stoppt-ttip-berlin.de\/index.php?rest_route=\/wp\/v2\/types\/page"}],"author":[{"embeddable":true,"href":"https:\/\/www.stoppt-ttip-berlin.de\/index.php?rest_route=\/wp\/v2\/users\/1"}],"replies":[{"embeddable":true,"href":"https:\/\/www.stoppt-ttip-berlin.de\/index.php?rest_route=%2Fwp%2Fv2%2Fcomments&post=78"}],"version-history":[{"count":20,"href":"https:\/\/www.stoppt-ttip-berlin.de\/index.php?rest_route=\/wp\/v2\/pages\/78\/revisions"}],"predecessor-version":[{"id":1328,"href":"https:\/\/www.stoppt-ttip-berlin.de\/index.php?rest_route=\/wp\/v2\/pages\/78\/revisions\/1328"}],"wp:attachment":[{"href":"https:\/\/www.stoppt-ttip-berlin.de\/index.php?rest_route=%2Fwp%2Fv2%2Fmedia&parent=78"}],"curies":[{"name":"wp","href":"https:\/\/api.w.org\/{rel}","templated":true}]}}