{"id":65,"date":"2015-03-23T15:15:51","date_gmt":"2015-03-23T15:15:51","guid":{"rendered":"http:\/\/www.stoppt-ttip-berlin.de\/?page_id=65"},"modified":"2018-10-28T19:58:02","modified_gmt":"2018-10-28T19:58:02","slug":"ttipcetatisa","status":"publish","type":"page","link":"https:\/\/www.stoppt-ttip-berlin.de\/?page_id=65","title":{"rendered":"Worum geht es?"},"content":{"rendered":"<p><strong>TTIP, CETA, TISA &#8230;was ist das eigentlich?<\/strong><\/p>\n<p>Hinter den Abk\u00fcrzungen verbergen sich umfassende Handels- und Dienstleistungsabkommen zwischen: EU und USA (TTIP) \u2013 EU und Kanada (CETA) \u2013 EU, USA und 21 weiteren Staaten (TISA). Bei den Abkommen handelt es sich genau genommen um Staatsvertr\u00e4ge. Diese werden im Geheimen verhandelt. Abkommen wie TTIP und CETA w\u00fcrden Konzernen erlauben, Staaten vor privaten Schiedsgerichten zu verklagen und zuk\u00fcnftige Gesetzgebungsverfahren zu beeinflussen. Vor allem sollen Gesetze, Normen und Standards zwischen den Vertragspartnern angegelichen werden. Dadurch droht eine Senkung von Umwelt- und Sozialstandards (z.B. bei Gentechnik und Fracking, bzw. beim Streikrecht und der Bildung von Gewerkschaften). Zudem drohen umfangreiche Privatisierungen lebenswichtiger Bereiche, wie die Wasser und Energieversorgung, sowie im Gesundheits- und Bildungswesen.<\/p>\n<p>Weitere Informationen findet Ihr bei<\/p>\n<p><a href=\"http:\/\/www.ttip-unfairhandelbar.de\">https:\/\/www.gerechter-welthandel.org\/ttip-unfairhandelbar.de<\/a><\/p>\n<p>&nbsp;<\/p>\n<p>&nbsp;<\/p>\n","protected":false},"excerpt":{"rendered":"<p>TTIP, CETA, TISA &#8230;was ist das eigentlich? Hinter den Abk\u00fcrzungen verbergen sich umfassende Handels- und Dienstleistungsabkommen zwischen: EU und USA (TTIP) \u2013 EU und Kanada (CETA) \u2013 EU, USA und 21 weiteren Staaten (TISA). Bei den Abkommen handelt es sich &hellip; <a href=\"https:\/\/www.stoppt-ttip-berlin.de\/?page_id=65\">Weiterlesen <span class=\"meta-nav\">&rarr;<\/span><\/a><\/p>\n","protected":false},"author":1,"featured_media":0,"parent":0,"menu_order":1,"comment_status":"closed","ping_status":"closed","template":"","meta":{"footnotes":""},"class_list":["post-65","page","type-page","status-publish","hentry"],"_links":{"self":[{"href":"https:\/\/www.stoppt-ttip-berlin.de\/index.php?rest_route=\/wp\/v2\/pages\/65","targetHints":{"allow":["GET"]}}],"collection":[{"href":"https:\/\/www.stoppt-ttip-berlin.de\/index.php?rest_route=\/wp\/v2\/pages"}],"about":[{"href":"https:\/\/www.stoppt-ttip-berlin.de\/index.php?rest_route=\/wp\/v2\/types\/page"}],"author":[{"embeddable":true,"href":"https:\/\/www.stoppt-ttip-berlin.de\/index.php?rest_route=\/wp\/v2\/users\/1"}],"replies":[{"embeddable":true,"href":"https:\/\/www.stoppt-ttip-berlin.de\/index.php?rest_route=%2Fwp%2Fv2%2Fcomments&post=65"}],"version-history":[{"count":9,"href":"https:\/\/www.stoppt-ttip-berlin.de\/index.php?rest_route=\/wp\/v2\/pages\/65\/revisions"}],"predecessor-version":[{"id":1324,"href":"https:\/\/www.stoppt-ttip-berlin.de\/index.php?rest_route=\/wp\/v2\/pages\/65\/revisions\/1324"}],"wp:attachment":[{"href":"https:\/\/www.stoppt-ttip-berlin.de\/index.php?rest_route=%2Fwp%2Fv2%2Fmedia&parent=65"}],"curies":[{"name":"wp","href":"https:\/\/api.w.org\/{rel}","templated":true}]}}