{"id":352,"date":"2015-09-14T14:04:10","date_gmt":"2015-09-14T14:04:10","guid":{"rendered":"http:\/\/www.stoppt-ttip-berlin.de\/?page_id=352"},"modified":"2016-08-24T17:09:47","modified_gmt":"2016-08-24T17:09:47","slug":"aufruf-26-september","status":"publish","type":"page","link":"https:\/\/www.stoppt-ttip-berlin.de\/?page_id=352","title":{"rendered":"10.9. Mobi-Aktionstag"},"content":{"rendered":"<p><b>TTIP &amp; CETA STOPPEN! \u2013 F\u00fcr einen gerechten Welthandel!<\/b><\/p>\n<p>Aufruf zum dezentralen Mobilisierungstag am Samstag, den 10. September 2016 in Berlin<\/p>\n<p>Wir wollen:<\/p>\n<ul>\n<li>\u00a0f\u00fcr die Gro\u00dfdemo am 17.9.2016 mobilisieren<\/li>\n<li>\u00a0den Berliner*innen deutlich machen, was CETA und TTIP f\u00fcr uns alle bedeuten w\u00fcrde<\/li>\n<li>\u00a0sie \u00fcberzeugen, ihre Ablehnung von CETA und TTIP am 17.9. sichtbar zu machen<\/li>\n<\/ul>\n<p>Am Samstag, den 17. September, werden wir \u00fcberall in Berlin auf die Stra\u00dfe gehen und an ganz vielen\u00a0 Orten pr\u00e4sent sein. Wir wollen das markante Logo der Gro\u00dfdemonstration \u201eTTIP &amp; CETA STOPPEN \u2013 F\u00fcr einen gerechten Welthandel!\u201c, die am 17. 9 um 12 Uhr am Alex startet, fest im Stadtbild verankern. Mit Infost\u00e4nden und Stra\u00dfenaktionen wollen wir \u00fcberall in der Stadt pr\u00e4sent sein.<br \/>\n<b><br \/>\n<\/b><b>Beteiligt Euch am dezentralen Mobilisierungstag und meldet Eure Aktion(en) an bei: <\/b><b>wolf@ttipdemo.de<br \/>\n<\/b><b><br \/>\n<\/b><b><br \/>\n<\/b><b>Eure R\u00fcckmeldungen sammeln wir auf einem Online-Stadtplan. <\/b><b><br \/>\n<\/b><b>Hiermit kann dann die Vielzahl der Aktivit\u00e4ten von allen beworben werden.<\/b><b><br \/>\n<\/b><b><a class=\"moz-txt-link-abbreviated\" href=\"https:\/\/www.stoppt-ttip-berlin.de\">www.stoppt-ttip-berlin.de<\/a><\/b><br \/>\n<b><br \/>\n<\/b><b><br \/>\n<\/b><b>Die Gro\u00dfdemonstration am 17.9. in Berlin<\/b><br \/>\nUnter dem Motto: \u201eTTIP &amp; CETA STOPPEN! \u2013 F\u00fcr einen gerechten Welthandel!\u201c ruft ein in seiner Breite einmaliges und sehr gro\u00dfes zivilgesellschaftliches B\u00fcndnis aus inzwischen rund 150 Organisationen zu 7 Gro\u00dfdemos in 7 St\u00e4dten auf: Frankfurt\/Main, Hamburg, K\u00f6ln, Leipzig, M\u00fcnchen, Stuttgart und <strong>Berlin<\/strong> auf.<br \/>\nWeitere Informationen:<br \/>\n<a class=\"moz-txt-link-abbreviated\" href=\"http:\/\/www.ttip-demo.de\">www.ttip-demo.de<\/a><b><br \/>\n<\/b><b><br \/>\n<\/b><\/p>\n<p><em>Zum Berliner Netzwerk, das gegen TTIP, CETA und TiSA aktiv ist, geh\u00f6ren:<\/em> NaturFreunde Berlin, Greenpeace Berlin, Berliner Wassertisch, DGB Region Berlin, GR\u00dcNE LIGA, Attac Berlin, BUNDjugend Berlin, Mehr Demokratie, Arbeitskreis Internationalismus (IG Metall Berlin), Gen-ethisches Netzwerk, Anti Atom Berlin, Gemeingut in B\u00fcrgerInnenhand, Powershift, NABU Berlin, BUND Berlin, DIDF, DIDF-Jugend, FIAN Berlin.<\/p>\n<pre class=\"moz-signature\"><\/pre>\n","protected":false},"excerpt":{"rendered":"<p>TTIP &amp; CETA STOPPEN! \u2013 F\u00fcr einen gerechten Welthandel! Aufruf zum dezentralen Mobilisierungstag am Samstag, den 10. September 2016 in Berlin Wir wollen: \u00a0f\u00fcr die Gro\u00dfdemo am 17.9.2016 mobilisieren \u00a0den Berliner*innen deutlich machen, was CETA und TTIP f\u00fcr uns alle &hellip; <a href=\"https:\/\/www.stoppt-ttip-berlin.de\/?page_id=352\">Weiterlesen <span class=\"meta-nav\">&rarr;<\/span><\/a><\/p>\n","protected":false},"author":1,"featured_media":0,"parent":0,"menu_order":2,"comment_status":"closed","ping_status":"closed","template":"","meta":{"footnotes":""},"class_list":["post-352","page","type-page","status-publish","hentry"],"_links":{"self":[{"href":"https:\/\/www.stoppt-ttip-berlin.de\/index.php?rest_route=\/wp\/v2\/pages\/352","targetHints":{"allow":["GET"]}}],"collection":[{"href":"https:\/\/www.stoppt-ttip-berlin.de\/index.php?rest_route=\/wp\/v2\/pages"}],"about":[{"href":"https:\/\/www.stoppt-ttip-berlin.de\/index.php?rest_route=\/wp\/v2\/types\/page"}],"author":[{"embeddable":true,"href":"https:\/\/www.stoppt-ttip-berlin.de\/index.php?rest_route=\/wp\/v2\/users\/1"}],"replies":[{"embeddable":true,"href":"https:\/\/www.stoppt-ttip-berlin.de\/index.php?rest_route=%2Fwp%2Fv2%2Fcomments&post=352"}],"version-history":[{"count":6,"href":"https:\/\/www.stoppt-ttip-berlin.de\/index.php?rest_route=\/wp\/v2\/pages\/352\/revisions"}],"predecessor-version":[{"id":614,"href":"https:\/\/www.stoppt-ttip-berlin.de\/index.php?rest_route=\/wp\/v2\/pages\/352\/revisions\/614"}],"wp:attachment":[{"href":"https:\/\/www.stoppt-ttip-berlin.de\/index.php?rest_route=%2Fwp%2Fv2%2Fmedia&parent=352"}],"curies":[{"name":"wp","href":"https:\/\/api.w.org\/{rel}","templated":true}]}}